{"id":27,"date":"2020-07-27T10:02:07","date_gmt":"2020-07-27T10:02:07","guid":{"rendered":"https:\/\/www.janetti.fi\/eraveikot\/demo\/?page_id=27"},"modified":"2025-08-24T17:14:35","modified_gmt":"2025-08-24T17:14:35","slug":"suurpedot","status":"publish","type":"page","link":"https:\/\/www.janetti.fi\/eraveikot\/metsastys\/suurpedot\/","title":{"rendered":"Suurpetojen mets\u00e4stys"},"content":{"rendered":"\n<p>Ilmoita suurpetojen mets\u00e4styksest\u00e4 vastaavalle, mik\u00e4li haluat mukaan porukkaan. Muistathan, ett\u00e4 Sinulla tulee olla karhujahtiin p\u00e4\u00e4st\u00e4ksesi voimassaoleva karhun <a href=\"https:\/\/www.janetti.fi\/eraveikot\/ampumakokeet-2023\/\" data-type=\"post\" data-id=\"461\">ampumakoesuoritus<\/a>. <\/p>\n\n\n\n<p>Karhu- ja ilvesjahteihin ilmoittautuneet lis\u00e4t\u00e4\u00e4n WhatsApp-ryhm\u00e4\u00e4n, jonka kautta mahdollisista jahdeista tiedotetaan. <\/p>\n\n\n\n<p><strong>(Huom! Vuodelle 2025 ei ole karhulupia Kangasniemelle.)<\/strong><\/p>\n\n\n\n<p><strong>Yhteyshenkil\u00f6n\u00e4 toimii ja lis\u00e4tietoja antaa: <\/strong><br>Jyrki Laitinen, puh. 040 596 4695<\/p>\n\n\n\n<p><em>(Sivun yl\u00e4reunassa vanha riistakamerakuva)<\/em><\/p>\n","protected":false},"excerpt":{"rendered":"<p>Ilmoita suurpetojen mets\u00e4styksest\u00e4 vastaavalle, mik\u00e4li haluat mukaan porukkaan. Muistathan, ett\u00e4 Sinulla tulee olla karhujahtiin p\u00e4\u00e4st\u00e4ksesi voimassaoleva karhun ampumakoesuoritus. Karhu- ja ilvesjahteihin ilmoittautuneet lis\u00e4t\u00e4\u00e4n WhatsApp-ryhm\u00e4\u00e4n, jonka kautta mahdollisista jahdeista tiedotetaan. (Huom! Vuodelle 2025 ei ole karhulupia Kangasniemelle.) Yhteyshenkil\u00f6n\u00e4 toimii ja lis\u00e4tietoja antaa: Jyrki Laitinen, puh. 040 596 4695 (Sivun yl\u00e4reunassa vanha riistakamerakuva)<\/p>\n","protected":false},"author":1,"featured_media":170,"parent":23,"menu_order":0,"comment_status":"closed","ping_status":"closed","template":"","meta":{"footnotes":""},"class_list":["post-27","page","type-page","status-publish","has-post-thumbnail","hentry"],"_links":{"self":[{"href":"https:\/\/www.janetti.fi\/eraveikot\/wp-json\/wp\/v2\/pages\/27","targetHints":{"allow":["GET"]}}],"collection":[{"href":"https:\/\/www.janetti.fi\/eraveikot\/wp-json\/wp\/v2\/pages"}],"about":[{"href":"https:\/\/www.janetti.fi\/eraveikot\/wp-json\/wp\/v2\/types\/page"}],"author":[{"embeddable":true,"href":"https:\/\/www.janetti.fi\/eraveikot\/wp-json\/wp\/v2\/users\/1"}],"replies":[{"embeddable":true,"href":"https:\/\/www.janetti.fi\/eraveikot\/wp-json\/wp\/v2\/comments?post=27"}],"version-history":[{"count":10,"href":"https:\/\/www.janetti.fi\/eraveikot\/wp-json\/wp\/v2\/pages\/27\/revisions"}],"predecessor-version":[{"id":727,"href":"https:\/\/www.janetti.fi\/eraveikot\/wp-json\/wp\/v2\/pages\/27\/revisions\/727"}],"up":[{"embeddable":true,"href":"https:\/\/www.janetti.fi\/eraveikot\/wp-json\/wp\/v2\/pages\/23"}],"wp:featuredmedia":[{"embeddable":true,"href":"https:\/\/www.janetti.fi\/eraveikot\/wp-json\/wp\/v2\/media\/170"}],"wp:attachment":[{"href":"https:\/\/www.janetti.fi\/eraveikot\/wp-json\/wp\/v2\/media?parent=27"}],"curies":[{"name":"wp","href":"https:\/\/api.w.org\/{rel}","templated":true}]}}