{"id":188,"date":"2020-07-28T10:32:31","date_gmt":"2020-07-28T10:32:31","guid":{"rendered":"https:\/\/www.janetti.fi\/eraveikot\/?page_id=188"},"modified":"2025-08-24T17:20:50","modified_gmt":"2025-08-24T17:20:50","slug":"riistanhoito","status":"publish","type":"page","link":"https:\/\/www.janetti.fi\/eraveikot\/metsastys\/riistanhoito\/","title":{"rendered":"Riistanhoito"},"content":{"rendered":"\n<p>Kangasniemen Er\u00e4veikot ry tekee monenlaista riistanhoitoty\u00f6t\u00e4. Riistalle on tarjolla riistapeltoja ja nuolukivi\u00e4. <\/p>\n\n\n\n<figure class=\"wp-block-image size-large\"><img loading=\"lazy\" decoding=\"async\" width=\"900\" height=\"654\" src=\"https:\/\/www.janetti.fi\/eraveikot\/wp-content\/uploads\/2020\/07\/hirvi2.jpg\" alt=\"\" class=\"wp-image-177\" srcset=\"https:\/\/www.janetti.fi\/eraveikot\/wp-content\/uploads\/2020\/07\/hirvi2.jpg 900w, https:\/\/www.janetti.fi\/eraveikot\/wp-content\/uploads\/2020\/07\/hirvi2-300x218.jpg 300w, https:\/\/www.janetti.fi\/eraveikot\/wp-content\/uploads\/2020\/07\/hirvi2-768x558.jpg 768w\" sizes=\"auto, (max-width: 900px) 100vw, 900px\" \/><\/figure>\n\n\n\n<div style=\"height:20px\" aria-hidden=\"true\" class=\"wp-block-spacer\"><\/div>\n\n\n\n<p>T\u00e4rke\u00e4 osa riistanhoitoty\u00f6t\u00e4 on my\u00f6s alueellamme tapahtuva pienpetojen pyynti. Muistathan, ett\u00e4 pienpetojen pyynnist\u00e4 j\u00e4senist\u00f6n seurassa emme peri lainkaan vieraskorttimaksua. <\/p>\n\n\n\n<p>Vuosittain kev\u00e4tkokouksessa palkitaan yksi pienpetojen pyynniss\u00e4 kunnostautunut seuran j\u00e4sen. <\/p>\n\n\n\n<figure class=\"wp-block-image size-large\"><img loading=\"lazy\" decoding=\"async\" width=\"1024\" height=\"758\" src=\"https:\/\/www.janetti.fi\/eraveikot\/wp-content\/uploads\/2025\/04\/IMG_7995-1024x758.jpg\" alt=\"\" class=\"wp-image-666\" srcset=\"https:\/\/www.janetti.fi\/eraveikot\/wp-content\/uploads\/2025\/04\/IMG_7995-1024x758.jpg 1024w, https:\/\/www.janetti.fi\/eraveikot\/wp-content\/uploads\/2025\/04\/IMG_7995-300x222.jpg 300w, https:\/\/www.janetti.fi\/eraveikot\/wp-content\/uploads\/2025\/04\/IMG_7995-768x568.jpg 768w, https:\/\/www.janetti.fi\/eraveikot\/wp-content\/uploads\/2025\/04\/IMG_7995.jpg 1200w\" sizes=\"auto, (max-width: 1024px) 100vw, 1024px\" \/><figcaption class=\"wp-element-caption\"><em>Kev\u00e4\u00e4ll\u00e4 2025 talkoilimme lukuisia minkin loukkuja, joista on saatu jo monta minkki\u00e4 saaliiksi. Samoissa talkoissa tehtiin my\u00f6s telk\u00e4np\u00f6ntt\u00f6j\u00e4 alueellemme.<\/em><\/figcaption><\/figure>\n\n\n\n<p><\/p>\n","protected":false},"excerpt":{"rendered":"<p>Kangasniemen Er\u00e4veikot ry tekee monenlaista riistanhoitoty\u00f6t\u00e4. Riistalle on tarjolla riistapeltoja ja nuolukivi\u00e4. T\u00e4rke\u00e4 osa riistanhoitoty\u00f6t\u00e4 on my\u00f6s alueellamme tapahtuva pienpetojen pyynti. Muistathan, ett\u00e4 pienpetojen pyynnist\u00e4 j\u00e4senist\u00f6n seurassa emme peri lainkaan vieraskorttimaksua. Vuosittain kev\u00e4tkokouksessa palkitaan yksi pienpetojen pyynniss\u00e4 kunnostautunut seuran j\u00e4sen.<\/p>\n","protected":false},"author":1,"featured_media":0,"parent":23,"menu_order":0,"comment_status":"closed","ping_status":"closed","template":"","meta":{"footnotes":""},"class_list":["post-188","page","type-page","status-publish","hentry"],"_links":{"self":[{"href":"https:\/\/www.janetti.fi\/eraveikot\/wp-json\/wp\/v2\/pages\/188","targetHints":{"allow":["GET"]}}],"collection":[{"href":"https:\/\/www.janetti.fi\/eraveikot\/wp-json\/wp\/v2\/pages"}],"about":[{"href":"https:\/\/www.janetti.fi\/eraveikot\/wp-json\/wp\/v2\/types\/page"}],"author":[{"embeddable":true,"href":"https:\/\/www.janetti.fi\/eraveikot\/wp-json\/wp\/v2\/users\/1"}],"replies":[{"embeddable":true,"href":"https:\/\/www.janetti.fi\/eraveikot\/wp-json\/wp\/v2\/comments?post=188"}],"version-history":[{"count":5,"href":"https:\/\/www.janetti.fi\/eraveikot\/wp-json\/wp\/v2\/pages\/188\/revisions"}],"predecessor-version":[{"id":731,"href":"https:\/\/www.janetti.fi\/eraveikot\/wp-json\/wp\/v2\/pages\/188\/revisions\/731"}],"up":[{"embeddable":true,"href":"https:\/\/www.janetti.fi\/eraveikot\/wp-json\/wp\/v2\/pages\/23"}],"wp:attachment":[{"href":"https:\/\/www.janetti.fi\/eraveikot\/wp-json\/wp\/v2\/media?parent=188"}],"curies":[{"name":"wp","href":"https:\/\/api.w.org\/{rel}","templated":true}]}}